{"id":85,"date":"2008-02-11T20:44:55","date_gmt":"2008-02-11T20:44:55","guid":{"rendered":"http:\/\/www.macerie.org\/?page_id=85"},"modified":"2008-02-11T20:44:55","modified_gmt":"2008-02-11T20:44:55","slug":"giornale","status":"publish","type":"page","link":"https:\/\/macerie.org\/index.php\/giornale\/","title":{"rendered":"Giornale"},"content":{"rendered":"<p>Ogni tanto, <em>aperiodicamente<\/em>, \\\\Macerie (e storie di Torino)\\\\ esce anche in forma cartacea. Per i nemici pi\u00f9 accaniti del web.<br \/>\n\u00c8 distribuito gratuitamente nelle strade di Torino e nel Centro di Documentazione Porfido\u0094 di Via Tarino 12\/c, che \u00e8 aperto il marted\u00ec, il mercoled\u00ec e il sabato dalle 16.00 alle 19.00.<br \/>\nPotete anche scaricalo qui:<\/p>\n<p><a href=\"https:\/\/macerie.org\/wp-content\/uploads\/2008\/04\/macerie-numero-0.pdf\">\\\\Macerie (e storie di Torino)\\\\ n. 0<\/a><\/p>\n","protected":false},"excerpt":{"rendered":"<p>Ogni tanto, aperiodicamente, \\\\Macerie (e storie di Torino)\\\\ esce anche in forma cartacea. Per i<\/p>\n","protected":false},"author":1,"featured_media":0,"parent":0,"menu_order":1,"comment_status":"closed","ping_status":"open","template":"","meta":{"footnotes":""},"class_list":["post-85","page","type-page","status-publish","hentry"],"_links":{"self":[{"href":"https:\/\/macerie.org\/index.php\/wp-json\/wp\/v2\/pages\/85","targetHints":{"allow":["GET"]}}],"collection":[{"href":"https:\/\/macerie.org\/index.php\/wp-json\/wp\/v2\/pages"}],"about":[{"href":"https:\/\/macerie.org\/index.php\/wp-json\/wp\/v2\/types\/page"}],"author":[{"embeddable":true,"href":"https:\/\/macerie.org\/index.php\/wp-json\/wp\/v2\/users\/1"}],"replies":[{"embeddable":true,"href":"https:\/\/macerie.org\/index.php\/wp-json\/wp\/v2\/comments?post=85"}],"version-history":[{"count":0,"href":"https:\/\/macerie.org\/index.php\/wp-json\/wp\/v2\/pages\/85\/revisions"}],"wp:attachment":[{"href":"https:\/\/macerie.org\/index.php\/wp-json\/wp\/v2\/media?parent=85"}],"curies":[{"name":"wp","href":"https:\/\/api.w.org\/{rel}","templated":true}]}}